{"id":972,"date":"2018-11-23T11:14:42","date_gmt":"2018-11-23T10:14:42","guid":{"rendered":"https:\/\/sophire.sk\/?page_id=972"},"modified":"2022-06-14T14:33:02","modified_gmt":"2022-06-14T12:33:02","slug":"hotelove-standardy","status":"publish","type":"page","link":"https:\/\/sophire.sk\/en\/hotelove-standardy\/","title":{"rendered":"(Sloven\u010dina) Hotelov\u00e9 \u0161tandardy"},"content":{"rendered":"<p class=\"qtranxs-available-languages-message qtranxs-available-languages-message-en\">Sorry, this entry is only available in <a href=\"https:\/\/sophire.sk\/sk\/wp-json\/wp\/v2\/pages\/972\" class=\"qtranxs-available-language-link qtranxs-available-language-link-sk\" title=\"Sloven\u010dina\">Sloven\u010dina<\/a>.<\/p>","protected":false},"excerpt":{"rendered":"","protected":false},"author":1,"featured_media":0,"parent":0,"menu_order":0,"comment_status":"closed","ping_status":"closed","template":"100-width.php","meta":{"footnotes":""},"class_list":["post-972","page","type-page","status-publish","hentry"],"yoast_head":"<!-- This site is optimized with the Yoast SEO plugin v27.5 - https:\/\/yoast.com\/product\/yoast-seo-wordpress\/ -->\n<title><\/title>\n<meta name=\"description\" content=\"\u0160TANDARDY KVALITY je ten siln\u00fd n\u00e1stroj, ktor\u00fdm zaru\u010d\u00edme kontinu\u00e1lnu spokojnos\u0165 z\u00e1kazn\u00edka a t\u00fdm aj \u010do najvy\u0161\u0161\u00ed objem predaja.\" \/>\n<meta name=\"robots\" content=\"index, follow, max-snippet:-1, max-image-preview:large, max-video-preview:-1\" \/>\n<link rel=\"canonical\" href=\"https:\/\/sophire.sk\/hotelove-standardy\/\" \/>\n<meta property=\"og:locale\" content=\"en_US\" \/>\n<meta property=\"og:type\" content=\"article\" \/>\n<meta property=\"og:title\" content=\"[:sk]Hotelov\u00e9 \u0161tandardy[:] - Sophire Academy\" \/>\n<meta property=\"og:description\" content=\"\u0160TANDARDY KVALITY je ten siln\u00fd n\u00e1stroj, ktor\u00fdm zaru\u010d\u00edme kontinu\u00e1lnu spokojnos\u0165 z\u00e1kazn\u00edka a t\u00fdm aj \u010do najvy\u0161\u0161\u00ed objem predaja.\" \/>\n<meta property=\"og:url\" content=\"https:\/\/sophire.sk\/hotelove-standardy\/\" \/>\n<meta property=\"og:site_name\" content=\"Sophire Academy\" \/>\n<meta property=\"article:modified_time\" content=\"2022-06-14T12:33:02+00:00\" \/>\n<meta name=\"twitter:card\" content=\"summary_large_image\" \/>\n<meta name=\"twitter:label1\" content=\"Est. reading time\" \/>\n\t<meta name=\"twitter:data1\" content=\"5 minutes\" \/>\n<script type=\"application\/ld+json\" class=\"yoast-schema-graph\">{\"@context\":\"https:\\\/\\\/schema.org\",\"@graph\":[{\"@type\":\"WebPage\",\"@id\":\"https:\\\/\\\/sophire.sk\\\/hotelove-standardy\\\/\",\"url\":\"https:\\\/\\\/sophire.sk\\\/hotelove-standardy\\\/\",\"name\":\"[:sk]Hotelov\u00e9 \u0161tandardy[:] - Sophire Academy\",\"isPartOf\":{\"@id\":\"https:\\\/\\\/sophire.sk\\\/en\\\/#website\"},\"datePublished\":\"2018-11-23T10:14:42+00:00\",\"dateModified\":\"2022-06-14T12:33:02+00:00\",\"description\":\"\u0160TANDARDY KVALITY je ten siln\u00fd n\u00e1stroj, ktor\u00fdm zaru\u010d\u00edme kontinu\u00e1lnu spokojnos\u0165 z\u00e1kazn\u00edka a t\u00fdm aj \u010do najvy\u0161\u0161\u00ed objem predaja.\",\"breadcrumb\":{\"@id\":\"https:\\\/\\\/sophire.sk\\\/hotelove-standardy\\\/#breadcrumb\"},\"inLanguage\":\"en-US\",\"potentialAction\":[{\"@type\":\"ReadAction\",\"target\":[\"https:\\\/\\\/sophire.sk\\\/hotelove-standardy\\\/\"]}]},{\"@type\":\"BreadcrumbList\",\"@id\":\"https:\\\/\\\/sophire.sk\\\/hotelove-standardy\\\/#breadcrumb\",\"itemListElement\":[{\"@type\":\"ListItem\",\"position\":1,\"name\":\"Home\",\"item\":\"https:\\\/\\\/sophire.sk\\\/\"},{\"@type\":\"ListItem\",\"position\":2,\"name\":\"Hotelov\u00e9 \u0161tandardy\"}]},{\"@type\":\"WebSite\",\"@id\":\"https:\\\/\\\/sophire.sk\\\/en\\\/#website\",\"url\":\"https:\\\/\\\/sophire.sk\\\/en\\\/\",\"name\":\"Sophire Academy\",\"description\":\"vzdel\u00e1vanie a \u0161kolenia pre hotely a re\u0161taur\u00e1cie\",\"publisher\":{\"@id\":\"https:\\\/\\\/sophire.sk\\\/en\\\/#organization\"},\"potentialAction\":[{\"@type\":\"SearchAction\",\"target\":{\"@type\":\"EntryPoint\",\"urlTemplate\":\"https:\\\/\\\/sophire.sk\\\/en\\\/?s={search_term_string}\"},\"query-input\":{\"@type\":\"PropertyValueSpecification\",\"valueRequired\":true,\"valueName\":\"search_term_string\"}}],\"inLanguage\":\"en-US\"},{\"@type\":\"Organization\",\"@id\":\"https:\\\/\\\/sophire.sk\\\/en\\\/#organization\",\"name\":\"Sophire\",\"url\":\"https:\\\/\\\/sophire.sk\\\/en\\\/\",\"logo\":{\"@type\":\"ImageObject\",\"inLanguage\":\"en-US\",\"@id\":\"https:\\\/\\\/sophire.sk\\\/en\\\/#\\\/schema\\\/logo\\\/image\\\/\",\"url\":\"https:\\\/\\\/sophire.sk\\\/wp-content\\\/uploads\\\/2017\\\/07\\\/Logo-Sophire-Academy-logo.png\",\"contentUrl\":\"https:\\\/\\\/sophire.sk\\\/wp-content\\\/uploads\\\/2017\\\/07\\\/Logo-Sophire-Academy-logo.png\",\"width\":480,\"height\":63,\"caption\":\"Sophire\"},\"image\":{\"@id\":\"https:\\\/\\\/sophire.sk\\\/en\\\/#\\\/schema\\\/logo\\\/image\\\/\"}}]}<\/script>\n<!-- \/ Yoast SEO plugin. -->","yoast_head_json":{"title":"[:sk]Hotelov\u00e9 \u0161tandardy[:] - Sophire Academy","description":"\u0160TANDARDY KVALITY je ten siln\u00fd n\u00e1stroj, ktor\u00fdm zaru\u010d\u00edme kontinu\u00e1lnu spokojnos\u0165 z\u00e1kazn\u00edka a t\u00fdm aj \u010do najvy\u0161\u0161\u00ed objem predaja.","robots":{"index":"index","follow":"follow","max-snippet":"max-snippet:-1","max-image-preview":"max-image-preview:large","max-video-preview":"max-video-preview:-1"},"canonical":"https:\/\/sophire.sk\/hotelove-standardy\/","og_locale":"en_US","og_type":"article","og_title":"[:sk]Hotelov\u00e9 \u0161tandardy[:] - Sophire Academy","og_description":"\u0160TANDARDY KVALITY je ten siln\u00fd n\u00e1stroj, ktor\u00fdm zaru\u010d\u00edme kontinu\u00e1lnu spokojnos\u0165 z\u00e1kazn\u00edka a t\u00fdm aj \u010do najvy\u0161\u0161\u00ed objem predaja.","og_url":"https:\/\/sophire.sk\/hotelove-standardy\/","og_site_name":"Sophire Academy","article_modified_time":"2022-06-14T12:33:02+00:00","twitter_card":"summary_large_image","twitter_misc":{"Est. reading time":"5 minutes"},"schema":{"@context":"https:\/\/schema.org","@graph":[{"@type":"WebPage","@id":"https:\/\/sophire.sk\/hotelove-standardy\/","url":"https:\/\/sophire.sk\/hotelove-standardy\/","name":"[:sk]Hotelov\u00e9 \u0161tandardy[:] - Sophire Academy","isPartOf":{"@id":"https:\/\/sophire.sk\/en\/#website"},"datePublished":"2018-11-23T10:14:42+00:00","dateModified":"2022-06-14T12:33:02+00:00","description":"\u0160TANDARDY KVALITY je ten siln\u00fd n\u00e1stroj, ktor\u00fdm zaru\u010d\u00edme kontinu\u00e1lnu spokojnos\u0165 z\u00e1kazn\u00edka a t\u00fdm aj \u010do najvy\u0161\u0161\u00ed objem predaja.","breadcrumb":{"@id":"https:\/\/sophire.sk\/hotelove-standardy\/#breadcrumb"},"inLanguage":"en-US","potentialAction":[{"@type":"ReadAction","target":["https:\/\/sophire.sk\/hotelove-standardy\/"]}]},{"@type":"BreadcrumbList","@id":"https:\/\/sophire.sk\/hotelove-standardy\/#breadcrumb","itemListElement":[{"@type":"ListItem","position":1,"name":"Home","item":"https:\/\/sophire.sk\/"},{"@type":"ListItem","position":2,"name":"Hotelov\u00e9 \u0161tandardy"}]},{"@type":"WebSite","@id":"https:\/\/sophire.sk\/en\/#website","url":"https:\/\/sophire.sk\/en\/","name":"Sophire Academy","description":"vzdel\u00e1vanie a \u0161kolenia pre hotely a re\u0161taur\u00e1cie","publisher":{"@id":"https:\/\/sophire.sk\/en\/#organization"},"potentialAction":[{"@type":"SearchAction","target":{"@type":"EntryPoint","urlTemplate":"https:\/\/sophire.sk\/en\/?s={search_term_string}"},"query-input":{"@type":"PropertyValueSpecification","valueRequired":true,"valueName":"search_term_string"}}],"inLanguage":"en-US"},{"@type":"Organization","@id":"https:\/\/sophire.sk\/en\/#organization","name":"Sophire","url":"https:\/\/sophire.sk\/en\/","logo":{"@type":"ImageObject","inLanguage":"en-US","@id":"https:\/\/sophire.sk\/en\/#\/schema\/logo\/image\/","url":"https:\/\/sophire.sk\/wp-content\/uploads\/2017\/07\/Logo-Sophire-Academy-logo.png","contentUrl":"https:\/\/sophire.sk\/wp-content\/uploads\/2017\/07\/Logo-Sophire-Academy-logo.png","width":480,"height":63,"caption":"Sophire"},"image":{"@id":"https:\/\/sophire.sk\/en\/#\/schema\/logo\/image\/"}}]}},"_links":{"self":[{"href":"https:\/\/sophire.sk\/en\/wp-json\/wp\/v2\/pages\/972","targetHints":{"allow":["GET"]}}],"collection":[{"href":"https:\/\/sophire.sk\/en\/wp-json\/wp\/v2\/pages"}],"about":[{"href":"https:\/\/sophire.sk\/en\/wp-json\/wp\/v2\/types\/page"}],"author":[{"embeddable":true,"href":"https:\/\/sophire.sk\/en\/wp-json\/wp\/v2\/users\/1"}],"replies":[{"embeddable":true,"href":"https:\/\/sophire.sk\/en\/wp-json\/wp\/v2\/comments?post=972"}],"version-history":[{"count":6,"href":"https:\/\/sophire.sk\/en\/wp-json\/wp\/v2\/pages\/972\/revisions"}],"predecessor-version":[{"id":10183,"href":"https:\/\/sophire.sk\/en\/wp-json\/wp\/v2\/pages\/972\/revisions\/10183"}],"wp:attachment":[{"href":"https:\/\/sophire.sk\/en\/wp-json\/wp\/v2\/media?parent=972"}],"curies":[{"name":"wp","href":"https:\/\/api.w.org\/{rel}","templated":true}]}}