{"id":225,"date":"2017-07-31T21:51:04","date_gmt":"2017-07-31T19:51:04","guid":{"rendered":"https:\/\/sophire.sk\/?page_id=225"},"modified":"2017-08-29T00:17:32","modified_gmt":"2017-08-28T22:17:32","slug":"prihlaska-food-beverage-management","status":"publish","type":"page","link":"https:\/\/sophire.sk\/en\/prihlaska-food-beverage-management\/","title":{"rendered":"Prihl\u00e1\u0161ka: Food &#038; Beverage Management"},"content":{"rendered":"<div class=\"fusion-fullwidth fullwidth-box fusion-builder-row-1 nonhundred-percent-fullwidth non-hundred-percent-height-scrolling\" style=\"background-color: rgba(255,255,255,0);background-position: center center;background-repeat: no-repeat;padding-top:0px;padding-right:0px;padding-bottom:0px;padding-left:0px;margin-bottom: 0px;margin-top: 0px;border-width: 0px 0px 0px 0px;border-color:#eae9e9;border-style:solid;\" ><div class=\"fusion-builder-row fusion-row\"><div class=\"fusion-layout-column fusion_builder_column fusion-builder-column-0 fusion_builder_column_1_1 1_1 fusion-one-full fusion-column-first fusion-column-last\" style=\"margin-top:0px;margin-bottom:20px;\"><div class=\"fusion-column-wrapper fusion-flex-column-wrapper-legacy\" style=\"background-position:left top;background-repeat:no-repeat;-webkit-background-size:cover;-moz-background-size:cover;-o-background-size:cover;background-size:cover;padding: 0px 0px 0px 0px;\"><style type=\"text\/css\"><\/style><div class=\"fusion-title title fusion-title-1 fusion-sep-none fusion-title-center fusion-title-text fusion-title-size-two\" style=\"margin-top:15px;margin-right:0px;margin-bottom:15px;margin-left:0px;\"><h2 class=\"title-heading-center\" style=\"margin:0;\">Prihl\u00e1\u0161ka: Food &amp; Beverage Management<\/h2><\/div>\n<div class=\"wpcf7 no-js\" id=\"wpcf7-f235-o1\" lang=\"sk-SK\" dir=\"ltr\" data-wpcf7-id=\"235\">\n<div class=\"screen-reader-response\"><p role=\"status\" aria-live=\"polite\" aria-atomic=\"true\"><\/p> <ul><\/ul><\/div>\n<form action=\"\/en\/wp-json\/wp\/v2\/pages\/225#wpcf7-f235-o1\" method=\"post\" class=\"wpcf7-form init\" aria-label=\"Kontaktn\u00fd formul\u00e1r\" novalidate=\"novalidate\" data-status=\"init\">\n<fieldset class=\"hidden-fields-container\"><input type=\"hidden\" name=\"_wpcf7\" value=\"235\" \/><input type=\"hidden\" name=\"_wpcf7_version\" value=\"6.1.5\" \/><input type=\"hidden\" name=\"_wpcf7_locale\" value=\"sk_SK\" \/><input type=\"hidden\" name=\"_wpcf7_unit_tag\" value=\"wpcf7-f235-o1\" \/><input type=\"hidden\" name=\"_wpcf7_container_post\" value=\"0\" \/><input type=\"hidden\" name=\"_wpcf7_posted_data_hash\" value=\"\" \/><input type=\"hidden\" name=\"_wpcf7_recaptcha_response\" value=\"\" \/>\n<\/fieldset>\n<p><label> N\u00e1zov spolo\u010dnosti \/ Meno (povinn\u00e9)<br \/>\n<span class=\"wpcf7-form-control-wrap\" data-name=\"your-name\"><input size=\"40\" maxlength=\"400\" class=\"wpcf7-form-control wpcf7-text wpcf7-validates-as-required\" aria-required=\"true\" aria-invalid=\"false\" value=\"\" type=\"text\" name=\"your-name\" \/><\/span> <\/label>\n<\/p>\n<p><label> Zvo\u013ete kurz (povinn\u00e9)<\/label><br \/>\n<span class=\"wpcf7-form-control-wrap\" data-name=\"checkbox-42\"><span class=\"wpcf7-form-control wpcf7-checkbox wpcf7-validates-as-required\"><span class=\"wpcf7-list-item first\"><input type=\"checkbox\" name=\"checkbox-42[]\" value=\"Modul 1 (Person\u00e1lny mana\u017ement &amp; Leadership), Term\u00edn online:\" \/><span class=\"wpcf7-list-item-label\">Modul 1 (Person\u00e1lny mana\u017ement &amp; Leadership), Term\u00edn online:<\/span><\/span><span class=\"wpcf7-list-item\"><input type=\"checkbox\" name=\"checkbox-42[]\" value=\"Modul 1 (Person\u00e1lny mana\u017ement &amp; Leadership), Term\u00edn: 5.5. - 6.5.2026\" \/><span class=\"wpcf7-list-item-label\">Modul 1 (Person\u00e1lny mana\u017ement &amp; Leadership), Term\u00edn: 5.5. - 6.5.2026<\/span><\/span><span class=\"wpcf7-list-item\"><input type=\"checkbox\" name=\"checkbox-42[]\" value=\"Modul 2 (Mana\u017ement kvality, z\u00e1kazn\u00edcky servis a predajn\u00e9 zru\u010dnosti), Term\u00edn online:\" \/><span class=\"wpcf7-list-item-label\">Modul 2 (Mana\u017ement kvality, z\u00e1kazn\u00edcky servis a predajn\u00e9 zru\u010dnosti), Term\u00edn online:<\/span><\/span><span class=\"wpcf7-list-item\"><input type=\"checkbox\" name=\"checkbox-42[]\" value=\"Modul 2 (Mana\u017ement kvality, z\u00e1kazn\u00edcky servis &amp; predajn\u00e9 zru\u010dnosti), Term\u00edn: 14.5. - 15.5.2026\" \/><span class=\"wpcf7-list-item-label\">Modul 2 (Mana\u017ement kvality, z\u00e1kazn\u00edcky servis &amp; predajn\u00e9 zru\u010dnosti), Term\u00edn: 14.5. - 15.5.2026<\/span><\/span><span class=\"wpcf7-list-item\"><input type=\"checkbox\" name=\"checkbox-42[]\" value=\"Modul 3 (Kalkul\u00e1cie &amp; F&amp;B Control), Term\u00edn online: 11.2. - 12.2.2026\" \/><span class=\"wpcf7-list-item-label\">Modul 3 (Kalkul\u00e1cie &amp; F&amp;B Control), Term\u00edn online: 11.2. - 12.2.2026<\/span><\/span><span class=\"wpcf7-list-item last\"><input type=\"checkbox\" name=\"checkbox-42[]\" value=\"Modul 3 (Kalkul\u00e1cie &amp; F&amp;B Control), Term\u00edn: 28.4. - 29.4.2026\" \/><span class=\"wpcf7-list-item-label\">Modul 3 (Kalkul\u00e1cie &amp; F&amp;B Control), Term\u00edn: 28.4. - 29.4.2026<\/span><\/span><\/span><\/span>\n<\/p>\n<div class=\"fusion-one-half one_half fusion-layout-column fusion-spacing-yes\">\n\t<p><label> Adresa (povinn\u00e9)<br \/>\n<span class=\"wpcf7-form-control-wrap\" data-name=\"your-adress\"><input size=\"40\" maxlength=\"400\" class=\"wpcf7-form-control wpcf7-text wpcf7-validates-as-required\" aria-required=\"true\" aria-invalid=\"false\" value=\"\" type=\"text\" name=\"your-adress\" \/><\/span> <\/label>\n\t<\/p>\n<\/div>\n<div class=\"fusion-one-half one_half fusion-layout-column fusion-spacing-yes fusion-column-last\">\n\t<p><label> E-mailov\u00e1 adresa (povinn\u00e9)<br \/>\n<span class=\"wpcf7-form-control-wrap\" data-name=\"your-email\"><input size=\"40\" maxlength=\"400\" class=\"wpcf7-form-control wpcf7-email wpcf7-validates-as-required wpcf7-text wpcf7-validates-as-email\" aria-required=\"true\" aria-invalid=\"false\" value=\"\" type=\"email\" name=\"your-email\" \/><\/span> <\/label>\n\t<\/p>\n<\/div>\n<div class=\"fusion-one-half one_half fusion-layout-column fusion-spacing-yes\">\n\t<p><label> I\u010cO<br \/>\n<span class=\"wpcf7-form-control-wrap\" data-name=\"your-ico\"><input size=\"40\" maxlength=\"400\" class=\"wpcf7-form-control wpcf7-text\" aria-invalid=\"false\" value=\"\" type=\"text\" name=\"your-ico\" \/><\/span> <\/label>\n\t<\/p>\n<\/div>\n<div class=\"fusion-one-half one_half fusion-layout-column fusion-spacing-yes fusion-column-last\">\n\t<p><label> DI\u010c<br \/>\n<span class=\"wpcf7-form-control-wrap\" data-name=\"your-dic\"><input size=\"40\" maxlength=\"400\" class=\"wpcf7-form-control wpcf7-text\" aria-invalid=\"false\" value=\"\" type=\"text\" name=\"your-dic\" \/><\/span> <\/label>\n\t<\/p>\n<\/div>\n<div class=\"fusion-one-half one_half fusion-layout-column fusion-spacing-yes\">\n\t<p><label> I\u010c DPH<br \/>\n<span class=\"wpcf7-form-control-wrap\" data-name=\"your-ic-dph\"><input size=\"40\" maxlength=\"400\" class=\"wpcf7-form-control wpcf7-text\" aria-invalid=\"false\" value=\"\" type=\"text\" name=\"your-ic-dph\" \/><\/span> <\/label>\n\t<\/p>\n<\/div>\n<div class=\"fusion-one-half one_half fusion-layout-column fusion-spacing-yes fusion-column-last\">\n\t<p><label> Telef\u00f3n (povinn\u00e9)<br \/>\n<span class=\"wpcf7-form-control-wrap\" data-name=\"your-tel\"><input size=\"40\" maxlength=\"400\" class=\"wpcf7-form-control wpcf7-tel wpcf7-validates-as-required wpcf7-text wpcf7-validates-as-tel\" aria-required=\"true\" aria-invalid=\"false\" value=\"\" type=\"tel\" name=\"your-tel\" \/><\/span> <\/label>\n\t<\/p>\n<\/div>\n<p><label><\/label>\n<\/p>\n<h3>\u00da\u010dastn\u00edk 1\n<\/h3>\n<div class=\"fusion-one-half one_half fusion-layout-column fusion-spacing-yes\">\n\t<p><label> Meno a priezvisko (povinn\u00e9)<br \/>\n<span class=\"wpcf7-form-control-wrap\" data-name=\"meno-1\"><input size=\"40\" maxlength=\"400\" class=\"wpcf7-form-control wpcf7-text wpcf7-validates-as-required\" aria-required=\"true\" aria-invalid=\"false\" value=\"\" type=\"text\" name=\"meno-1\" \/><\/span> <\/label>\n\t<\/p>\n<\/div>\n<div class=\"fusion-one-half one_half fusion-layout-column fusion-spacing-yes fusion-column-last\">\n\t<p><label> Poz\u00edcia vo firme (povinn\u00e9)<br \/>\n<span class=\"wpcf7-form-control-wrap\" data-name=\"pozicia-1\"><input size=\"40\" maxlength=\"400\" class=\"wpcf7-form-control wpcf7-text wpcf7-validates-as-required\" aria-required=\"true\" aria-invalid=\"false\" value=\"\" type=\"text\" name=\"pozicia-1\" \/><\/span> <\/label>\n\t<\/p>\n<\/div>\n<p><label><\/label>\n<\/p>\n<h3>\u00da\u010dastn\u00edk 2\n<\/h3>\n<div class=\"fusion-one-half one_half fusion-layout-column fusion-spacing-yes\">\n\t<p><label> Meno a priezvisko<br \/>\n<span class=\"wpcf7-form-control-wrap\" data-name=\"meno-2\"><input size=\"40\" maxlength=\"400\" class=\"wpcf7-form-control wpcf7-text\" aria-invalid=\"false\" value=\"\" type=\"text\" name=\"meno-2\" \/><\/span> <\/label>\n\t<\/p>\n<\/div>\n<div class=\"fusion-one-half one_half fusion-layout-column fusion-spacing-yes fusion-column-last\">\n\t<p><label> Poz\u00edcia vo firme<br \/>\n<span class=\"wpcf7-form-control-wrap\" data-name=\"pozicia-2\"><input size=\"40\" maxlength=\"400\" class=\"wpcf7-form-control wpcf7-text\" aria-invalid=\"false\" value=\"\" type=\"text\" name=\"pozicia-2\" \/><\/span> <\/label>\n\t<\/p>\n<\/div>\n<p><label><\/label>\n<\/p>\n<h3>\u00da\u010dastn\u00edk 3\n<\/h3>\n<div class=\"fusion-one-half one_half fusion-layout-column fusion-spacing-yes\">\n\t<p><label> Meno a priezvisko<br \/>\n<span class=\"wpcf7-form-control-wrap\" data-name=\"meno-3\"><input size=\"40\" maxlength=\"400\" class=\"wpcf7-form-control wpcf7-text\" aria-invalid=\"false\" value=\"\" type=\"text\" name=\"meno-3\" \/><\/span> <\/label>\n\t<\/p>\n<\/div>\n<div class=\"fusion-one-half one_half fusion-layout-column fusion-spacing-yes fusion-column-last\">\n\t<p><label> Poz\u00edcia vo firme<br \/>\n<span class=\"wpcf7-form-control-wrap\" data-name=\"pozicia-3\"><input size=\"40\" maxlength=\"400\" class=\"wpcf7-form-control wpcf7-text\" aria-invalid=\"false\" value=\"\" type=\"text\" name=\"pozicia-3\" \/><\/span> <\/label>\n\t<\/p>\n<\/div>\n<p><label> Va\u0161a spr\u00e1va<br \/>\n<span class=\"wpcf7-form-control-wrap\" data-name=\"your-message\"><textarea cols=\"40\" rows=\"10\" maxlength=\"2000\" class=\"wpcf7-form-control wpcf7-textarea\" aria-invalid=\"false\" name=\"your-message\"><\/textarea><\/span> <\/label>\n<\/p>\n<p><label>\n\t<\/label>\n<\/p>\n<p><span class=\"wpcf7-form-control-wrap wpgdprc\"><span class=\"wpcf7-form-control wpcf7-wpgdprc wpcf7-validates-as-required\"><span class=\"wpcf7-list-item\"><input type=\"checkbox\" name=\"wpgdprc\" value=\"1\" aria-required=\"true\" aria-invalid=\"false\" \/><span class=\"wpcf7-list-item-label\">*S\u00fahlas\u00edm so spracovan\u00edm osobn\u00fdch \u00fadajov (faktura\u010dn\u00e9 \u00fadaje, e-mail, telef\u00f3nne \u010d\u00edslo) na \u00fa\u010dely faktur\u00e1cie a zaslania potvrdenia objedn\u00e1vky.<\/span><\/span><\/span>    <\/span>\n<\/p>\n<p><input class=\"wpcf7-form-control wpcf7-submit has-spinner\" type=\"submit\" value=\"Odosla\u0165\" \/>\n<\/p><div class=\"fusion-alert alert custom alert-custom fusion-alert-center wpcf7-response-output fusion-alert-capitalize alert-dismissable\" style=\"border-width:1px;\"><button type=\"button\" class=\"close toggle-alert\" data-dismiss=\"alert\" aria-hidden=\"true\">&times;<\/button><div class=\"fusion-alert-content-wrapper\"><span class=\"fusion-alert-content\"><\/span><\/div><\/div>\n<\/form>\n<\/div>\n<div class=\"fusion-clearfix\"><\/div><\/div><\/div><\/div><\/div>\n","protected":false},"excerpt":{"rendered":"","protected":false},"author":1,"featured_media":0,"parent":0,"menu_order":0,"comment_status":"closed","ping_status":"closed","template":"","meta":{"footnotes":""},"class_list":["post-225","page","type-page","status-publish","hentry"],"yoast_head":"<!-- This site is optimized with the Yoast SEO plugin v27.4 - https:\/\/yoast.com\/product\/yoast-seo-wordpress\/ -->\n<title>Prihl\u00e1\u0161ka: Food &amp; Beverage Management - Sophire Academy<\/title>\n<meta name=\"robots\" content=\"index, follow, max-snippet:-1, max-image-preview:large, max-video-preview:-1\" \/>\n<link rel=\"canonical\" href=\"https:\/\/sophire.sk\/prihlaska-food-beverage-management\/\" \/>\n<meta property=\"og:locale\" content=\"en_US\" \/>\n<meta property=\"og:type\" content=\"article\" \/>\n<meta property=\"og:title\" content=\"Prihl\u00e1\u0161ka: Food &amp; Beverage Management - Sophire Academy\" \/>\n<meta property=\"og:url\" content=\"https:\/\/sophire.sk\/prihlaska-food-beverage-management\/\" \/>\n<meta property=\"og:site_name\" content=\"Sophire Academy\" \/>\n<meta property=\"article:modified_time\" content=\"2017-08-28T22:17:32+00:00\" \/>\n<meta name=\"twitter:card\" content=\"summary_large_image\" \/>\n<meta name=\"twitter:label1\" content=\"Est. reading time\" \/>\n\t<meta name=\"twitter:data1\" content=\"1 minute\" \/>\n<script type=\"application\/ld+json\" class=\"yoast-schema-graph\">{\"@context\":\"https:\\\/\\\/schema.org\",\"@graph\":[{\"@type\":\"WebPage\",\"@id\":\"https:\\\/\\\/sophire.sk\\\/prihlaska-food-beverage-management\\\/\",\"url\":\"https:\\\/\\\/sophire.sk\\\/prihlaska-food-beverage-management\\\/\",\"name\":\"Prihl\u00e1\u0161ka: Food & Beverage Management - Sophire Academy\",\"isPartOf\":{\"@id\":\"https:\\\/\\\/sophire.sk\\\/en\\\/#website\"},\"datePublished\":\"2017-07-31T19:51:04+00:00\",\"dateModified\":\"2017-08-28T22:17:32+00:00\",\"breadcrumb\":{\"@id\":\"https:\\\/\\\/sophire.sk\\\/prihlaska-food-beverage-management\\\/#breadcrumb\"},\"inLanguage\":\"en-US\",\"potentialAction\":[{\"@type\":\"ReadAction\",\"target\":[\"https:\\\/\\\/sophire.sk\\\/prihlaska-food-beverage-management\\\/\"]}]},{\"@type\":\"BreadcrumbList\",\"@id\":\"https:\\\/\\\/sophire.sk\\\/prihlaska-food-beverage-management\\\/#breadcrumb\",\"itemListElement\":[{\"@type\":\"ListItem\",\"position\":1,\"name\":\"Home\",\"item\":\"https:\\\/\\\/sophire.sk\\\/\"},{\"@type\":\"ListItem\",\"position\":2,\"name\":\"Prihl\u00e1\u0161ka: Food &#038; Beverage Management\"}]},{\"@type\":\"WebSite\",\"@id\":\"https:\\\/\\\/sophire.sk\\\/en\\\/#website\",\"url\":\"https:\\\/\\\/sophire.sk\\\/en\\\/\",\"name\":\"Sophire Academy\",\"description\":\"vzdel\u00e1vanie a \u0161kolenia pre hotely a re\u0161taur\u00e1cie\",\"publisher\":{\"@id\":\"https:\\\/\\\/sophire.sk\\\/en\\\/#organization\"},\"potentialAction\":[{\"@type\":\"SearchAction\",\"target\":{\"@type\":\"EntryPoint\",\"urlTemplate\":\"https:\\\/\\\/sophire.sk\\\/en\\\/?s={search_term_string}\"},\"query-input\":{\"@type\":\"PropertyValueSpecification\",\"valueRequired\":true,\"valueName\":\"search_term_string\"}}],\"inLanguage\":\"en-US\"},{\"@type\":\"Organization\",\"@id\":\"https:\\\/\\\/sophire.sk\\\/en\\\/#organization\",\"name\":\"Sophire\",\"url\":\"https:\\\/\\\/sophire.sk\\\/en\\\/\",\"logo\":{\"@type\":\"ImageObject\",\"inLanguage\":\"en-US\",\"@id\":\"https:\\\/\\\/sophire.sk\\\/en\\\/#\\\/schema\\\/logo\\\/image\\\/\",\"url\":\"https:\\\/\\\/sophire.sk\\\/wp-content\\\/uploads\\\/2017\\\/07\\\/Logo-Sophire-Academy-logo.png\",\"contentUrl\":\"https:\\\/\\\/sophire.sk\\\/wp-content\\\/uploads\\\/2017\\\/07\\\/Logo-Sophire-Academy-logo.png\",\"width\":480,\"height\":63,\"caption\":\"Sophire\"},\"image\":{\"@id\":\"https:\\\/\\\/sophire.sk\\\/en\\\/#\\\/schema\\\/logo\\\/image\\\/\"}}]}<\/script>\n<!-- \/ Yoast SEO plugin. -->","yoast_head_json":{"title":"Prihl\u00e1\u0161ka: Food & Beverage Management - Sophire Academy","robots":{"index":"index","follow":"follow","max-snippet":"max-snippet:-1","max-image-preview":"max-image-preview:large","max-video-preview":"max-video-preview:-1"},"canonical":"https:\/\/sophire.sk\/prihlaska-food-beverage-management\/","og_locale":"en_US","og_type":"article","og_title":"Prihl\u00e1\u0161ka: Food & Beverage Management - Sophire Academy","og_url":"https:\/\/sophire.sk\/prihlaska-food-beverage-management\/","og_site_name":"Sophire Academy","article_modified_time":"2017-08-28T22:17:32+00:00","twitter_card":"summary_large_image","twitter_misc":{"Est. reading time":"1 minute"},"schema":{"@context":"https:\/\/schema.org","@graph":[{"@type":"WebPage","@id":"https:\/\/sophire.sk\/prihlaska-food-beverage-management\/","url":"https:\/\/sophire.sk\/prihlaska-food-beverage-management\/","name":"Prihl\u00e1\u0161ka: Food & Beverage Management - Sophire Academy","isPartOf":{"@id":"https:\/\/sophire.sk\/en\/#website"},"datePublished":"2017-07-31T19:51:04+00:00","dateModified":"2017-08-28T22:17:32+00:00","breadcrumb":{"@id":"https:\/\/sophire.sk\/prihlaska-food-beverage-management\/#breadcrumb"},"inLanguage":"en-US","potentialAction":[{"@type":"ReadAction","target":["https:\/\/sophire.sk\/prihlaska-food-beverage-management\/"]}]},{"@type":"BreadcrumbList","@id":"https:\/\/sophire.sk\/prihlaska-food-beverage-management\/#breadcrumb","itemListElement":[{"@type":"ListItem","position":1,"name":"Home","item":"https:\/\/sophire.sk\/"},{"@type":"ListItem","position":2,"name":"Prihl\u00e1\u0161ka: Food &#038; Beverage Management"}]},{"@type":"WebSite","@id":"https:\/\/sophire.sk\/en\/#website","url":"https:\/\/sophire.sk\/en\/","name":"Sophire Academy","description":"vzdel\u00e1vanie a \u0161kolenia pre hotely a re\u0161taur\u00e1cie","publisher":{"@id":"https:\/\/sophire.sk\/en\/#organization"},"potentialAction":[{"@type":"SearchAction","target":{"@type":"EntryPoint","urlTemplate":"https:\/\/sophire.sk\/en\/?s={search_term_string}"},"query-input":{"@type":"PropertyValueSpecification","valueRequired":true,"valueName":"search_term_string"}}],"inLanguage":"en-US"},{"@type":"Organization","@id":"https:\/\/sophire.sk\/en\/#organization","name":"Sophire","url":"https:\/\/sophire.sk\/en\/","logo":{"@type":"ImageObject","inLanguage":"en-US","@id":"https:\/\/sophire.sk\/en\/#\/schema\/logo\/image\/","url":"https:\/\/sophire.sk\/wp-content\/uploads\/2017\/07\/Logo-Sophire-Academy-logo.png","contentUrl":"https:\/\/sophire.sk\/wp-content\/uploads\/2017\/07\/Logo-Sophire-Academy-logo.png","width":480,"height":63,"caption":"Sophire"},"image":{"@id":"https:\/\/sophire.sk\/en\/#\/schema\/logo\/image\/"}}]}},"_links":{"self":[{"href":"https:\/\/sophire.sk\/en\/wp-json\/wp\/v2\/pages\/225","targetHints":{"allow":["GET"]}}],"collection":[{"href":"https:\/\/sophire.sk\/en\/wp-json\/wp\/v2\/pages"}],"about":[{"href":"https:\/\/sophire.sk\/en\/wp-json\/wp\/v2\/types\/page"}],"author":[{"embeddable":true,"href":"https:\/\/sophire.sk\/en\/wp-json\/wp\/v2\/users\/1"}],"replies":[{"embeddable":true,"href":"https:\/\/sophire.sk\/en\/wp-json\/wp\/v2\/comments?post=225"}],"version-history":[{"count":0,"href":"https:\/\/sophire.sk\/en\/wp-json\/wp\/v2\/pages\/225\/revisions"}],"wp:attachment":[{"href":"https:\/\/sophire.sk\/en\/wp-json\/wp\/v2\/media?parent=225"}],"curies":[{"name":"wp","href":"https:\/\/api.w.org\/{rel}","templated":true}]}}