{"id":179,"date":"2017-07-25T17:55:28","date_gmt":"2017-07-25T15:55:28","guid":{"rendered":"https:\/\/sophire.sk\/?page_id=179"},"modified":"2017-07-31T23:10:40","modified_gmt":"2017-07-31T21:10:40","slug":"kurz-casnik","status":"publish","type":"page","link":"https:\/\/sophire.sk\/en\/food-beverage-management\/kurz-casnik\/","title":{"rendered":"KURZ \u201c\u010da\u0161n\u00edk\u201d"},"content":{"rendered":"<div class=\"fusion-fullwidth fullwidth-box fusion-builder-row-1 nonhundred-percent-fullwidth non-hundred-percent-height-scrolling\" style=\"background-color: rgba(255,255,255,0);background-position: center center;background-repeat: no-repeat;padding-top:0px;padding-right:0px;padding-bottom:0px;padding-left:0px;margin-bottom: 0px;margin-top: 0px;border-width: 0px 0px 0px 0px;border-color:#eae9e9;border-style:solid;\" ><div class=\"fusion-builder-row fusion-row\"><div class=\"fusion-layout-column fusion_builder_column fusion-builder-column-0 fusion_builder_column_1_1 1_1 fusion-one-full fusion-column-first fusion-column-last\" style=\"margin-top:0px;margin-bottom:20px;\"><div class=\"fusion-column-wrapper fusion-flex-column-wrapper-legacy\" style=\"background-position:left top;background-repeat:no-repeat;-webkit-background-size:cover;-moz-background-size:cover;-o-background-size:cover;background-size:cover;padding: 0px 0px 0px 0px;\"><div class=\"imageframe-align-center\"><span class=\" fusion-imageframe imageframe-none imageframe-1 hover-type-none\"><img decoding=\"async\" width=\"790\" height=\"180\" title=\"casnicka\" src=\"https:\/\/sophire.sk\/wp-content\/uploads\/2017\/07\/casnicka.jpg\" data-orig-src=\"https:\/\/sophire.sk\/wp-content\/uploads\/2017\/07\/casnicka.jpg\" class=\"lazyload img-responsive wp-image-84\" srcset=\"data:image\/svg+xml,%3Csvg%20xmlns%3D%27http%3A%2F%2Fwww.w3.org%2F2000%2Fsvg%27%20width%3D%27790%27%20height%3D%27180%27%20viewBox%3D%270%200%20790%20180%27%3E%3Crect%20width%3D%27790%27%20height%3D%27180%27%20fill-opacity%3D%220%22%2F%3E%3C%2Fsvg%3E\" data-srcset=\"https:\/\/sophire.sk\/wp-content\/uploads\/2017\/07\/casnicka-200x46.jpg 200w, https:\/\/sophire.sk\/wp-content\/uploads\/2017\/07\/casnicka-400x91.jpg 400w, https:\/\/sophire.sk\/wp-content\/uploads\/2017\/07\/casnicka-600x137.jpg 600w, https:\/\/sophire.sk\/wp-content\/uploads\/2017\/07\/casnicka.jpg 790w\" data-sizes=\"auto\" data-orig-sizes=\"(max-width: 800px) 100vw, 790px\" \/><\/span><\/div><style type=\"text\/css\"><\/style><div class=\"fusion-title title fusion-title-1 fusion-sep-none fusion-title-center fusion-title-text fusion-title-size-two\" style=\"margin-top:20px;margin-right:0px;margin-bottom:20px;margin-left:0px;\"><h2 class=\"title-heading-center\" style=\"margin:0;\"><p class=\"title-heading-center\" data-fontsize=\"28\" data-lineheight=\"42\">Kurz \u201c\u010da\u0161n\u00edk\u201d<\/p><\/h2><\/div><div class=\"fusion-text fusion-text-1\"><p>\u010ca\u0161n\u00edk nie je \u201cobjedn\u00e1va\u010d a rozn\u00e1\u0161a\u010d\u201d jed\u00e1l a n\u00e1pojov, ale v prvom rade reprezentant z\u00e1kaznick\u00e9ho servisu a predaja. Kurz je zameran\u00fd na 100% z\u00e1kazn\u00edcky servis, pravidl\u00e1 servisu v s\u00falade so \u0161tandardami kvality,\u00a0zvy\u0161ovanie predaja prostredn\u00edctvom osobn\u00e9ho predaja. \u00a0Dozviete sa a\u00a0pochop\u00edte, ako hostia vn\u00edmaj\u00fa z\u00e1kazn\u00edcky servis, ako budova\u0165 ich kontinu\u00e1lnu lojalitu a aby odpor\u00fa\u010dali va\u0161e slu\u017eby \u010falej. S\u00fa\u010das\u0165ou \u0161kolenia s\u00fa aj pr\u00edpadov\u00e9 \u0161t\u00fadie a\u00a0hranie rol\u00ed \u201ehos\u0165 \u2013 \u010da\u0161n\u00edk\u201c.<\/p>\n<p>Lorem ipsum dolor sit amet, ea movet ignota vix, ad tale esse deterruisset eos, duis autem offendit mea an. Malis mazim vitae an eum, eu facer noluisse lobortis sea. Ut duo equidem interpretaris. Ea oratio pertinax sed, his fuisset senserit dissentias ne.<\/p>\n<p>Nec labitur laoreet tincidunt eu, ei zril mentitum repudiare pro. In stet everti eum, aeque invidunt in vis. Putant aliquip urbanitas ius ne. Ne est reque epicurei officiis, pro enim semper diceret te. In his intellegam consectetuer, sed no omnes nullam regione.<\/p>\n<p>Duo eloquentiam interpretaris in, nihil homero regione ea qui, probo deleniti platonem an pro. Cu natum utamur qui, sea ne tale quas, has ei eros laoreet appellantur. Id putant commune convenire cum, est perpetua corrumpit ex. Ad quot docendi singulis eam.<\/p>\n<\/div><div class=\"fusion-aligncenter\"><style type=\"text\/css\">.fusion-button.button-1 {border-radius:0px;}<\/style><a class=\"fusion-button button-flat fusion-button-default-size button-default button-1 fusion-button-default-span fusion-button-default-type\" target=\"_self\" href=\"https:\/\/sophire.sk\/prihlaska-kurzy-casnik\/\"><i class=\" fa fa-pencil-square-o button-icon-left\" aria-hidden=\"true\"><\/i><span class=\"fusion-button-text\">Prihl\u00e1\u0161ka<\/span><\/a><\/div><div class=\"fusion-clearfix\"><\/div><\/div><\/div><\/div><\/div>\n","protected":false},"excerpt":{"rendered":"","protected":false},"author":1,"featured_media":0,"parent":20,"menu_order":0,"comment_status":"closed","ping_status":"closed","template":"","meta":{"footnotes":""},"class_list":["post-179","page","type-page","status-publish","hentry"],"yoast_head":"<!-- This site is optimized with the Yoast SEO plugin v27.5 - https:\/\/yoast.com\/product\/yoast-seo-wordpress\/ -->\n<title>KURZ \u201c\u010da\u0161n\u00edk\u201d - Sophire Academy<\/title>\n<meta name=\"robots\" content=\"index, follow, max-snippet:-1, max-image-preview:large, max-video-preview:-1\" \/>\n<link rel=\"canonical\" href=\"https:\/\/sophire.sk\/food-beverage-management\/kurz-casnik\/\" \/>\n<meta property=\"og:locale\" content=\"en_US\" \/>\n<meta property=\"og:type\" content=\"article\" \/>\n<meta property=\"og:title\" content=\"KURZ \u201c\u010da\u0161n\u00edk\u201d - Sophire Academy\" \/>\n<meta property=\"og:url\" content=\"https:\/\/sophire.sk\/food-beverage-management\/kurz-casnik\/\" \/>\n<meta property=\"og:site_name\" content=\"Sophire Academy\" \/>\n<meta property=\"article:modified_time\" content=\"2017-07-31T21:10:40+00:00\" \/>\n<meta name=\"twitter:card\" content=\"summary_large_image\" \/>\n<meta name=\"twitter:label1\" content=\"Est. reading time\" \/>\n\t<meta name=\"twitter:data1\" content=\"3 minutes\" \/>\n<script type=\"application\/ld+json\" class=\"yoast-schema-graph\">{\"@context\":\"https:\\\/\\\/schema.org\",\"@graph\":[{\"@type\":\"WebPage\",\"@id\":\"https:\\\/\\\/sophire.sk\\\/food-beverage-management\\\/kurz-casnik\\\/\",\"url\":\"https:\\\/\\\/sophire.sk\\\/food-beverage-management\\\/kurz-casnik\\\/\",\"name\":\"KURZ \u201c\u010da\u0161n\u00edk\u201d - Sophire Academy\",\"isPartOf\":{\"@id\":\"https:\\\/\\\/sophire.sk\\\/en\\\/#website\"},\"datePublished\":\"2017-07-25T15:55:28+00:00\",\"dateModified\":\"2017-07-31T21:10:40+00:00\",\"breadcrumb\":{\"@id\":\"https:\\\/\\\/sophire.sk\\\/food-beverage-management\\\/kurz-casnik\\\/#breadcrumb\"},\"inLanguage\":\"en-US\",\"potentialAction\":[{\"@type\":\"ReadAction\",\"target\":[\"https:\\\/\\\/sophire.sk\\\/food-beverage-management\\\/kurz-casnik\\\/\"]}]},{\"@type\":\"BreadcrumbList\",\"@id\":\"https:\\\/\\\/sophire.sk\\\/food-beverage-management\\\/kurz-casnik\\\/#breadcrumb\",\"itemListElement\":[{\"@type\":\"ListItem\",\"position\":1,\"name\":\"Home\",\"item\":\"https:\\\/\\\/sophire.sk\\\/\"},{\"@type\":\"ListItem\",\"position\":2,\"name\":\"Food &#038; Beverage Management\",\"item\":\"https:\\\/\\\/sophire.sk\\\/food-beverage-management\\\/\"},{\"@type\":\"ListItem\",\"position\":3,\"name\":\"KURZ \u201c\u010da\u0161n\u00edk\u201d\"}]},{\"@type\":\"WebSite\",\"@id\":\"https:\\\/\\\/sophire.sk\\\/en\\\/#website\",\"url\":\"https:\\\/\\\/sophire.sk\\\/en\\\/\",\"name\":\"Sophire Academy\",\"description\":\"vzdel\u00e1vanie a \u0161kolenia pre hotely a re\u0161taur\u00e1cie\",\"publisher\":{\"@id\":\"https:\\\/\\\/sophire.sk\\\/en\\\/#organization\"},\"potentialAction\":[{\"@type\":\"SearchAction\",\"target\":{\"@type\":\"EntryPoint\",\"urlTemplate\":\"https:\\\/\\\/sophire.sk\\\/en\\\/?s={search_term_string}\"},\"query-input\":{\"@type\":\"PropertyValueSpecification\",\"valueRequired\":true,\"valueName\":\"search_term_string\"}}],\"inLanguage\":\"en-US\"},{\"@type\":\"Organization\",\"@id\":\"https:\\\/\\\/sophire.sk\\\/en\\\/#organization\",\"name\":\"Sophire\",\"url\":\"https:\\\/\\\/sophire.sk\\\/en\\\/\",\"logo\":{\"@type\":\"ImageObject\",\"inLanguage\":\"en-US\",\"@id\":\"https:\\\/\\\/sophire.sk\\\/en\\\/#\\\/schema\\\/logo\\\/image\\\/\",\"url\":\"https:\\\/\\\/sophire.sk\\\/wp-content\\\/uploads\\\/2017\\\/07\\\/Logo-Sophire-Academy-logo.png\",\"contentUrl\":\"https:\\\/\\\/sophire.sk\\\/wp-content\\\/uploads\\\/2017\\\/07\\\/Logo-Sophire-Academy-logo.png\",\"width\":480,\"height\":63,\"caption\":\"Sophire\"},\"image\":{\"@id\":\"https:\\\/\\\/sophire.sk\\\/en\\\/#\\\/schema\\\/logo\\\/image\\\/\"}}]}<\/script>\n<!-- \/ Yoast SEO plugin. -->","yoast_head_json":{"title":"KURZ \u201c\u010da\u0161n\u00edk\u201d - Sophire Academy","robots":{"index":"index","follow":"follow","max-snippet":"max-snippet:-1","max-image-preview":"max-image-preview:large","max-video-preview":"max-video-preview:-1"},"canonical":"https:\/\/sophire.sk\/food-beverage-management\/kurz-casnik\/","og_locale":"en_US","og_type":"article","og_title":"KURZ \u201c\u010da\u0161n\u00edk\u201d - Sophire Academy","og_url":"https:\/\/sophire.sk\/food-beverage-management\/kurz-casnik\/","og_site_name":"Sophire Academy","article_modified_time":"2017-07-31T21:10:40+00:00","twitter_card":"summary_large_image","twitter_misc":{"Est. reading time":"3 minutes"},"schema":{"@context":"https:\/\/schema.org","@graph":[{"@type":"WebPage","@id":"https:\/\/sophire.sk\/food-beverage-management\/kurz-casnik\/","url":"https:\/\/sophire.sk\/food-beverage-management\/kurz-casnik\/","name":"KURZ \u201c\u010da\u0161n\u00edk\u201d - Sophire Academy","isPartOf":{"@id":"https:\/\/sophire.sk\/en\/#website"},"datePublished":"2017-07-25T15:55:28+00:00","dateModified":"2017-07-31T21:10:40+00:00","breadcrumb":{"@id":"https:\/\/sophire.sk\/food-beverage-management\/kurz-casnik\/#breadcrumb"},"inLanguage":"en-US","potentialAction":[{"@type":"ReadAction","target":["https:\/\/sophire.sk\/food-beverage-management\/kurz-casnik\/"]}]},{"@type":"BreadcrumbList","@id":"https:\/\/sophire.sk\/food-beverage-management\/kurz-casnik\/#breadcrumb","itemListElement":[{"@type":"ListItem","position":1,"name":"Home","item":"https:\/\/sophire.sk\/"},{"@type":"ListItem","position":2,"name":"Food &#038; Beverage Management","item":"https:\/\/sophire.sk\/food-beverage-management\/"},{"@type":"ListItem","position":3,"name":"KURZ \u201c\u010da\u0161n\u00edk\u201d"}]},{"@type":"WebSite","@id":"https:\/\/sophire.sk\/en\/#website","url":"https:\/\/sophire.sk\/en\/","name":"Sophire Academy","description":"vzdel\u00e1vanie a \u0161kolenia pre hotely a re\u0161taur\u00e1cie","publisher":{"@id":"https:\/\/sophire.sk\/en\/#organization"},"potentialAction":[{"@type":"SearchAction","target":{"@type":"EntryPoint","urlTemplate":"https:\/\/sophire.sk\/en\/?s={search_term_string}"},"query-input":{"@type":"PropertyValueSpecification","valueRequired":true,"valueName":"search_term_string"}}],"inLanguage":"en-US"},{"@type":"Organization","@id":"https:\/\/sophire.sk\/en\/#organization","name":"Sophire","url":"https:\/\/sophire.sk\/en\/","logo":{"@type":"ImageObject","inLanguage":"en-US","@id":"https:\/\/sophire.sk\/en\/#\/schema\/logo\/image\/","url":"https:\/\/sophire.sk\/wp-content\/uploads\/2017\/07\/Logo-Sophire-Academy-logo.png","contentUrl":"https:\/\/sophire.sk\/wp-content\/uploads\/2017\/07\/Logo-Sophire-Academy-logo.png","width":480,"height":63,"caption":"Sophire"},"image":{"@id":"https:\/\/sophire.sk\/en\/#\/schema\/logo\/image\/"}}]}},"_links":{"self":[{"href":"https:\/\/sophire.sk\/en\/wp-json\/wp\/v2\/pages\/179","targetHints":{"allow":["GET"]}}],"collection":[{"href":"https:\/\/sophire.sk\/en\/wp-json\/wp\/v2\/pages"}],"about":[{"href":"https:\/\/sophire.sk\/en\/wp-json\/wp\/v2\/types\/page"}],"author":[{"embeddable":true,"href":"https:\/\/sophire.sk\/en\/wp-json\/wp\/v2\/users\/1"}],"replies":[{"embeddable":true,"href":"https:\/\/sophire.sk\/en\/wp-json\/wp\/v2\/comments?post=179"}],"version-history":[{"count":0,"href":"https:\/\/sophire.sk\/en\/wp-json\/wp\/v2\/pages\/179\/revisions"}],"up":[{"embeddable":true,"href":"https:\/\/sophire.sk\/en\/wp-json\/wp\/v2\/pages\/20"}],"wp:attachment":[{"href":"https:\/\/sophire.sk\/en\/wp-json\/wp\/v2\/media?parent=179"}],"curies":[{"name":"wp","href":"https:\/\/api.w.org\/{rel}","templated":true}]}}