{"id":1101,"date":"2019-01-09T22:55:26","date_gmt":"2019-01-09T21:55:26","guid":{"rendered":"https:\/\/sophire.sk\/?page_id=1101"},"modified":"2019-03-22T21:40:08","modified_gmt":"2019-03-22T20:40:08","slug":"food-beverage-management-odborny-seminar-19-3-2019","status":"publish","type":"page","link":"https:\/\/sophire.sk\/en\/realizovane-seminare-a-kurzy\/food-beverage-management-odborny-seminar-19-3-2019\/","title":{"rendered":"(Sloven\u010dina) Food &#038; Beverage Management odborn\u00fd semin\u00e1r 19.3.2019"},"content":{"rendered":"<p class=\"qtranxs-available-languages-message qtranxs-available-languages-message-en\">Sorry, this entry is only available in <a href=\"https:\/\/sophire.sk\/sk\/wp-json\/wp\/v2\/pages\/1101\" class=\"qtranxs-available-language-link qtranxs-available-language-link-sk\" title=\"Sloven\u010dina\">Sloven\u010dina<\/a>.<\/p>","protected":false},"excerpt":{"rendered":"","protected":false},"author":1,"featured_media":0,"parent":805,"menu_order":0,"comment_status":"closed","ping_status":"closed","template":"","meta":{"footnotes":""},"class_list":["post-1101","page","type-page","status-publish","hentry"],"yoast_head":"<!-- This site is optimized with the Yoast SEO plugin v27.4 - https:\/\/yoast.com\/product\/yoast-seo-wordpress\/ -->\n<title><\/title>\n<meta name=\"robots\" content=\"index, follow, max-snippet:-1, max-image-preview:large, max-video-preview:-1\" \/>\n<link rel=\"canonical\" href=\"https:\/\/sophire.sk\/realizovane-seminare-a-kurzy\/food-beverage-management-odborny-seminar-19-3-2019\/\" \/>\n<meta property=\"og:locale\" content=\"en_US\" \/>\n<meta property=\"og:type\" content=\"article\" \/>\n<meta property=\"og:title\" content=\"[:sk]Food &amp; Beverage Management odborn\u00fd semin\u00e1r 19.3.2019[:] - Sophire Academy\" \/>\n<meta property=\"og:url\" content=\"https:\/\/sophire.sk\/realizovane-seminare-a-kurzy\/food-beverage-management-odborny-seminar-19-3-2019\/\" \/>\n<meta property=\"og:site_name\" content=\"Sophire Academy\" \/>\n<meta property=\"article:modified_time\" content=\"2019-03-22T20:40:08+00:00\" \/>\n<meta name=\"twitter:card\" content=\"summary_large_image\" \/>\n<meta name=\"twitter:label1\" content=\"Est. reading time\" \/>\n\t<meta name=\"twitter:data1\" content=\"5 minutes\" \/>\n<script type=\"application\/ld+json\" class=\"yoast-schema-graph\">{\"@context\":\"https:\\\/\\\/schema.org\",\"@graph\":[{\"@type\":\"WebPage\",\"@id\":\"https:\\\/\\\/sophire.sk\\\/realizovane-seminare-a-kurzy\\\/food-beverage-management-odborny-seminar-19-3-2019\\\/\",\"url\":\"https:\\\/\\\/sophire.sk\\\/realizovane-seminare-a-kurzy\\\/food-beverage-management-odborny-seminar-19-3-2019\\\/\",\"name\":\"[:sk]Food & Beverage Management odborn\u00fd semin\u00e1r 19.3.2019[:] - Sophire Academy\",\"isPartOf\":{\"@id\":\"https:\\\/\\\/sophire.sk\\\/en\\\/#website\"},\"datePublished\":\"2019-01-09T21:55:26+00:00\",\"dateModified\":\"2019-03-22T20:40:08+00:00\",\"breadcrumb\":{\"@id\":\"https:\\\/\\\/sophire.sk\\\/realizovane-seminare-a-kurzy\\\/food-beverage-management-odborny-seminar-19-3-2019\\\/#breadcrumb\"},\"inLanguage\":\"en-US\",\"potentialAction\":[{\"@type\":\"ReadAction\",\"target\":[\"https:\\\/\\\/sophire.sk\\\/realizovane-seminare-a-kurzy\\\/food-beverage-management-odborny-seminar-19-3-2019\\\/\"]}]},{\"@type\":\"BreadcrumbList\",\"@id\":\"https:\\\/\\\/sophire.sk\\\/realizovane-seminare-a-kurzy\\\/food-beverage-management-odborny-seminar-19-3-2019\\\/#breadcrumb\",\"itemListElement\":[{\"@type\":\"ListItem\",\"position\":1,\"name\":\"Home\",\"item\":\"https:\\\/\\\/sophire.sk\\\/\"},{\"@type\":\"ListItem\",\"position\":2,\"name\":\"Realizovan\u00e9 semin\u00e1re\",\"item\":\"https:\\\/\\\/sophire.sk\\\/realizovane-seminare-a-kurzy\\\/\"},{\"@type\":\"ListItem\",\"position\":3,\"name\":\"Food &#038; Beverage Management odborn\u00fd semin\u00e1r 19.3.2019\"}]},{\"@type\":\"WebSite\",\"@id\":\"https:\\\/\\\/sophire.sk\\\/en\\\/#website\",\"url\":\"https:\\\/\\\/sophire.sk\\\/en\\\/\",\"name\":\"Sophire Academy\",\"description\":\"vzdel\u00e1vanie a \u0161kolenia pre hotely a re\u0161taur\u00e1cie\",\"publisher\":{\"@id\":\"https:\\\/\\\/sophire.sk\\\/en\\\/#organization\"},\"potentialAction\":[{\"@type\":\"SearchAction\",\"target\":{\"@type\":\"EntryPoint\",\"urlTemplate\":\"https:\\\/\\\/sophire.sk\\\/en\\\/?s={search_term_string}\"},\"query-input\":{\"@type\":\"PropertyValueSpecification\",\"valueRequired\":true,\"valueName\":\"search_term_string\"}}],\"inLanguage\":\"en-US\"},{\"@type\":\"Organization\",\"@id\":\"https:\\\/\\\/sophire.sk\\\/en\\\/#organization\",\"name\":\"Sophire\",\"url\":\"https:\\\/\\\/sophire.sk\\\/en\\\/\",\"logo\":{\"@type\":\"ImageObject\",\"inLanguage\":\"en-US\",\"@id\":\"https:\\\/\\\/sophire.sk\\\/en\\\/#\\\/schema\\\/logo\\\/image\\\/\",\"url\":\"https:\\\/\\\/sophire.sk\\\/wp-content\\\/uploads\\\/2017\\\/07\\\/Logo-Sophire-Academy-logo.png\",\"contentUrl\":\"https:\\\/\\\/sophire.sk\\\/wp-content\\\/uploads\\\/2017\\\/07\\\/Logo-Sophire-Academy-logo.png\",\"width\":480,\"height\":63,\"caption\":\"Sophire\"},\"image\":{\"@id\":\"https:\\\/\\\/sophire.sk\\\/en\\\/#\\\/schema\\\/logo\\\/image\\\/\"}}]}<\/script>\n<!-- \/ Yoast SEO plugin. -->","yoast_head_json":{"title":"[:sk]Food & Beverage Management odborn\u00fd semin\u00e1r 19.3.2019[:] - Sophire Academy","robots":{"index":"index","follow":"follow","max-snippet":"max-snippet:-1","max-image-preview":"max-image-preview:large","max-video-preview":"max-video-preview:-1"},"canonical":"https:\/\/sophire.sk\/realizovane-seminare-a-kurzy\/food-beverage-management-odborny-seminar-19-3-2019\/","og_locale":"en_US","og_type":"article","og_title":"[:sk]Food & Beverage Management odborn\u00fd semin\u00e1r 19.3.2019[:] - Sophire Academy","og_url":"https:\/\/sophire.sk\/realizovane-seminare-a-kurzy\/food-beverage-management-odborny-seminar-19-3-2019\/","og_site_name":"Sophire Academy","article_modified_time":"2019-03-22T20:40:08+00:00","twitter_card":"summary_large_image","twitter_misc":{"Est. reading time":"5 minutes"},"schema":{"@context":"https:\/\/schema.org","@graph":[{"@type":"WebPage","@id":"https:\/\/sophire.sk\/realizovane-seminare-a-kurzy\/food-beverage-management-odborny-seminar-19-3-2019\/","url":"https:\/\/sophire.sk\/realizovane-seminare-a-kurzy\/food-beverage-management-odborny-seminar-19-3-2019\/","name":"[:sk]Food & Beverage Management odborn\u00fd semin\u00e1r 19.3.2019[:] - Sophire Academy","isPartOf":{"@id":"https:\/\/sophire.sk\/en\/#website"},"datePublished":"2019-01-09T21:55:26+00:00","dateModified":"2019-03-22T20:40:08+00:00","breadcrumb":{"@id":"https:\/\/sophire.sk\/realizovane-seminare-a-kurzy\/food-beverage-management-odborny-seminar-19-3-2019\/#breadcrumb"},"inLanguage":"en-US","potentialAction":[{"@type":"ReadAction","target":["https:\/\/sophire.sk\/realizovane-seminare-a-kurzy\/food-beverage-management-odborny-seminar-19-3-2019\/"]}]},{"@type":"BreadcrumbList","@id":"https:\/\/sophire.sk\/realizovane-seminare-a-kurzy\/food-beverage-management-odborny-seminar-19-3-2019\/#breadcrumb","itemListElement":[{"@type":"ListItem","position":1,"name":"Home","item":"https:\/\/sophire.sk\/"},{"@type":"ListItem","position":2,"name":"Realizovan\u00e9 semin\u00e1re","item":"https:\/\/sophire.sk\/realizovane-seminare-a-kurzy\/"},{"@type":"ListItem","position":3,"name":"Food &#038; Beverage Management odborn\u00fd semin\u00e1r 19.3.2019"}]},{"@type":"WebSite","@id":"https:\/\/sophire.sk\/en\/#website","url":"https:\/\/sophire.sk\/en\/","name":"Sophire Academy","description":"vzdel\u00e1vanie a \u0161kolenia pre hotely a re\u0161taur\u00e1cie","publisher":{"@id":"https:\/\/sophire.sk\/en\/#organization"},"potentialAction":[{"@type":"SearchAction","target":{"@type":"EntryPoint","urlTemplate":"https:\/\/sophire.sk\/en\/?s={search_term_string}"},"query-input":{"@type":"PropertyValueSpecification","valueRequired":true,"valueName":"search_term_string"}}],"inLanguage":"en-US"},{"@type":"Organization","@id":"https:\/\/sophire.sk\/en\/#organization","name":"Sophire","url":"https:\/\/sophire.sk\/en\/","logo":{"@type":"ImageObject","inLanguage":"en-US","@id":"https:\/\/sophire.sk\/en\/#\/schema\/logo\/image\/","url":"https:\/\/sophire.sk\/wp-content\/uploads\/2017\/07\/Logo-Sophire-Academy-logo.png","contentUrl":"https:\/\/sophire.sk\/wp-content\/uploads\/2017\/07\/Logo-Sophire-Academy-logo.png","width":480,"height":63,"caption":"Sophire"},"image":{"@id":"https:\/\/sophire.sk\/en\/#\/schema\/logo\/image\/"}}]}},"_links":{"self":[{"href":"https:\/\/sophire.sk\/en\/wp-json\/wp\/v2\/pages\/1101","targetHints":{"allow":["GET"]}}],"collection":[{"href":"https:\/\/sophire.sk\/en\/wp-json\/wp\/v2\/pages"}],"about":[{"href":"https:\/\/sophire.sk\/en\/wp-json\/wp\/v2\/types\/page"}],"author":[{"embeddable":true,"href":"https:\/\/sophire.sk\/en\/wp-json\/wp\/v2\/users\/1"}],"replies":[{"embeddable":true,"href":"https:\/\/sophire.sk\/en\/wp-json\/wp\/v2\/comments?post=1101"}],"version-history":[{"count":20,"href":"https:\/\/sophire.sk\/en\/wp-json\/wp\/v2\/pages\/1101\/revisions"}],"predecessor-version":[{"id":1705,"href":"https:\/\/sophire.sk\/en\/wp-json\/wp\/v2\/pages\/1101\/revisions\/1705"}],"up":[{"embeddable":true,"href":"https:\/\/sophire.sk\/en\/wp-json\/wp\/v2\/pages\/805"}],"wp:attachment":[{"href":"https:\/\/sophire.sk\/en\/wp-json\/wp\/v2\/media?parent=1101"}],"curies":[{"name":"wp","href":"https:\/\/api.w.org\/{rel}","templated":true}]}}